{"id":841,"date":"2020-12-22T16:45:50","date_gmt":"2020-12-22T19:45:50","guid":{"rendered":"http:\/\/redeindigena.ip.usp.br\/?page_id=841"},"modified":"2024-05-13T05:26:37","modified_gmt":"2024-05-13T08:26:37","slug":"quem-somos","status":"publish","type":"page","link":"https:\/\/redeindigena.ip.usp.br\/en\/quem-somos\/","title":{"rendered":"Quem somos"},"content":{"rendered":"<div id=\"pl-841\"  class=\"panel-layout\" ><div id=\"pg-841-0\"  class=\"panel-grid panel-no-style\" ><div id=\"pgc-841-0-0\"  class=\"panel-grid-cell\" ><div id=\"panel-841-0-0-0\" class=\"so-panel widget widget_sow-editor panel-first-child panel-last-child\" data-index=\"0\" ><div\n\t\t\t\n\t\t\tclass=\"so-widget-sow-editor so-widget-sow-editor-base\"\n\t\t\t\n\t\t>\n<div class=\"siteorigin-widget-tinymce textwidget\">\n\t<p>A Rede de Aten\u00e7\u00e3o \u00e0 Pessoa Ind\u00edgena (Rede Ind\u00edgena) \u00e9 um servi\u00e7o situado no Departamento de Psicologia Experimental do Instituto de Psicologia da Universidade de S\u00e3o Paulo, Brasil. O objetivo da Rede \u00e9 articular pessoas e perspectivas envolvidas em comunidades ind\u00edgenas e acad\u00eamicas, atrav\u00e9s de processos dial\u00f3gicos de forma\u00e7\u00e3o e desdobramento de conhecimentos, por meio de atividades pr\u00e1ticas e reflexivas. Elaboramos projetos de cultura e extens\u00e3o universit\u00e1rias juntos a comunidades e pessoas ind\u00edgenas.<br \/>\nNosso aprendizado se d\u00e1 na observa\u00e7\u00e3o atrav\u00e9s da participa\u00e7\u00e3o colaborativa com as resist\u00eancias ind\u00edgenas em suas comunidades concretas. Refletimos a partir do di\u00e1logo com os sentidos das pr\u00e1ticas ancestrais ind\u00edgenas, reconhecendo responsabilidades e efeitos das a\u00e7\u00f5es humanas no mundo com os outros. Estamos comprometidos com as possibilidades de conv\u00edvio da diversidade de entendimentos e pr\u00e1ticas do bem-viver, que difere entre povos e comunidades.<\/p>\n<p>Este portal \u00e9 uma produ\u00e7\u00e3o colaborativa de estudantes, docentes e volunt\u00e1rios que comp\u00f5em a equipe do servi\u00e7o Rede de Aten\u00e7\u00e3o \u00e0 Pessoa Ind\u00edgena da USP. As opini\u00f5es expressas nas postagens s\u00e3o de inteira responsabilidade de seus autores e n\u00e3o refletem opini\u00f5es do ve\u00edculo nem posi\u00e7\u00f5es institucionais da<br \/>\nUniversidade de S\u00e3o Paulo. A reprodu\u00e7\u00e3o de mat\u00e9rias, fotografias, documentos, \u00e1udios e videos \u00e9 livre mediante a cita\u00e7\u00e3o da Rede Ind\u00edgena e do autor.<\/p>\n<\/div>\n<\/div><\/div><\/div><\/div><\/div>","protected":false},"excerpt":{"rendered":"<p>A Rede de Aten\u00e7\u00e3o \u00e0 Pessoa Ind\u00edgena (Rede Ind\u00edgena) \u00e9 um servi\u00e7o situado no Departamento [&hellip;]<\/p>\n","protected":false},"author":21984,"featured_media":0,"parent":0,"menu_order":2,"comment_status":"closed","ping_status":"closed","template":"","meta":{"_monsterinsights_skip_tracking":false,"_monsterinsights_sitenote_active":false,"_monsterinsights_sitenote_note":"","_monsterinsights_sitenote_category":0,"footnotes":"","_links_to":"","_links_to_target":""},"class_list":["post-841","page","type-page","status-publish","hentry"],"_links":{"self":[{"href":"https:\/\/redeindigena.ip.usp.br\/en\/wp-json\/wp\/v2\/pages\/841","targetHints":{"allow":["GET"]}}],"collection":[{"href":"https:\/\/redeindigena.ip.usp.br\/en\/wp-json\/wp\/v2\/pages"}],"about":[{"href":"https:\/\/redeindigena.ip.usp.br\/en\/wp-json\/wp\/v2\/types\/page"}],"author":[{"embeddable":true,"href":"https:\/\/redeindigena.ip.usp.br\/en\/wp-json\/wp\/v2\/users\/21984"}],"replies":[{"embeddable":true,"href":"https:\/\/redeindigena.ip.usp.br\/en\/wp-json\/wp\/v2\/comments?post=841"}],"version-history":[{"count":6,"href":"https:\/\/redeindigena.ip.usp.br\/en\/wp-json\/wp\/v2\/pages\/841\/revisions"}],"predecessor-version":[{"id":2498,"href":"https:\/\/redeindigena.ip.usp.br\/en\/wp-json\/wp\/v2\/pages\/841\/revisions\/2498"}],"wp:attachment":[{"href":"https:\/\/redeindigena.ip.usp.br\/en\/wp-json\/wp\/v2\/media?parent=841"}],"curies":[{"name":"wp","href":"https:\/\/api.w.org\/{rel}","templated":true}]}}