{"id":827,"date":"2020-12-22T16:30:55","date_gmt":"2020-12-22T19:30:55","guid":{"rendered":"http:\/\/redeindigena.ip.usp.br\/?page_id=827"},"modified":"2023-03-04T21:08:29","modified_gmt":"2023-03-05T00:08:29","slug":"acoes","status":"publish","type":"page","link":"https:\/\/redeindigena.ip.usp.br\/en\/acoes\/","title":{"rendered":"A\u00e7\u00f5es"},"content":{"rendered":"<div id=\"pl-827\"  class=\"panel-layout\" ><div id=\"pg-827-0\"  class=\"panel-grid panel-no-style\" ><div id=\"pgc-827-0-0\"  class=\"panel-grid-cell\" ><div id=\"panel-827-0-0-0\" class=\"so-panel widget widget_sow-editor panel-first-child panel-last-child\" data-index=\"0\" ><div\n\t\t\t\n\t\t\tclass=\"so-widget-sow-editor so-widget-sow-editor-base\"\n\t\t\t\n\t\t>\n<div class=\"siteorigin-widget-tinymce textwidget\">\n\t<p>A partir de 2020 a Rede Ind\u00edgena passou a se organizar em n\u00facleos para o planejamento e a execu\u00e7\u00e3o de a\u00e7\u00f5es de cultura e extens\u00e3o universit\u00e1ria. Os n\u00facleos se articulam em reuni\u00f5es semanais (<em>nhemboaty<\/em>) nas quais realizamos a escuta (<em>japyxaka<\/em>) do percurso de cada participante, tendo em vista sua inser\u00e7\u00e3o nos n\u00facleos e a necessidade de tomada de decis\u00f5es coletivas. Desde 2022, a organiza\u00e7\u00e3o em n\u00facleos foi diluida em a\u00e7\u00f5es e projetos mais din\u00e2micos e flex\u00edveis.<\/p>\n<\/div>\n<\/div><\/div><\/div><\/div><div id=\"pg-827-1\"  class=\"panel-grid panel-no-style\" ><div id=\"pgc-827-1-0\"  class=\"panel-grid-cell\" ><div id=\"panel-827-1-0-0\" class=\"so-panel widget panel-first-child panel-last-child\" data-index=\"1\" ><\/div><\/div><\/div><\/div>","protected":false},"excerpt":{"rendered":"<p>A partir de 2020 a Rede Ind\u00edgena passou a se organizar em n\u00facleos para o [&hellip;]<\/p>\n","protected":false},"author":21984,"featured_media":0,"parent":0,"menu_order":3,"comment_status":"closed","ping_status":"closed","template":"","meta":{"_monsterinsights_skip_tracking":false,"_monsterinsights_sitenote_active":false,"_monsterinsights_sitenote_note":"","_monsterinsights_sitenote_category":0,"footnotes":"","_links_to":"","_links_to_target":""},"class_list":["post-827","page","type-page","status-publish","hentry"],"_links":{"self":[{"href":"https:\/\/redeindigena.ip.usp.br\/en\/wp-json\/wp\/v2\/pages\/827","targetHints":{"allow":["GET"]}}],"collection":[{"href":"https:\/\/redeindigena.ip.usp.br\/en\/wp-json\/wp\/v2\/pages"}],"about":[{"href":"https:\/\/redeindigena.ip.usp.br\/en\/wp-json\/wp\/v2\/types\/page"}],"author":[{"embeddable":true,"href":"https:\/\/redeindigena.ip.usp.br\/en\/wp-json\/wp\/v2\/users\/21984"}],"replies":[{"embeddable":true,"href":"https:\/\/redeindigena.ip.usp.br\/en\/wp-json\/wp\/v2\/comments?post=827"}],"version-history":[{"count":5,"href":"https:\/\/redeindigena.ip.usp.br\/en\/wp-json\/wp\/v2\/pages\/827\/revisions"}],"predecessor-version":[{"id":1517,"href":"https:\/\/redeindigena.ip.usp.br\/en\/wp-json\/wp\/v2\/pages\/827\/revisions\/1517"}],"wp:attachment":[{"href":"https:\/\/redeindigena.ip.usp.br\/en\/wp-json\/wp\/v2\/media?parent=827"}],"curies":[{"name":"wp","href":"https:\/\/api.w.org\/{rel}","templated":true}]}}