{"id":79,"date":"2014-02-24T16:51:20","date_gmt":"2014-02-24T18:51:20","guid":{"rendered":"http:\/\/sites.usp.br\/redeindigena\/?page_id=79"},"modified":"2025-06-13T15:32:08","modified_gmt":"2025-06-13T18:32:08","slug":"pagina-inicial","status":"publish","type":"page","link":"https:\/\/redeindigena.ip.usp.br\/en\/","title":{"rendered":"P\u00e1gina Inicial"},"content":{"rendered":"<div id=\"pl-79\"  class=\"panel-layout\" ><div id=\"pg-79-0\"  class=\"panel-grid panel-no-style\" ><div id=\"pgc-79-0-0\"  class=\"panel-grid-cell\" ><div id=\"panel-79-0-0-0\" class=\"so-panel widget widget_sow-slider panel-first-child panel-last-child\" data-index=\"0\" ><div\n\t\t\t\n\t\t\tclass=\"so-widget-sow-slider so-widget-sow-slider-default-be6142335e17-79\"\n\t\t\t\n\t\t>\t\t\t\t<div class=\"sow-slider-base\" style=\"display: none\" tabindex=\"0\">\n\t\t\t\t\t<ul\n\t\t\t\t\tclass=\"sow-slider-images\"\n\t\t\t\t\tdata-settings=\"{&quot;pagination&quot;:true,&quot;speed&quot;:800,&quot;timeout&quot;:8000,&quot;paused&quot;:false,&quot;pause_on_hover&quot;:false,&quot;swipe&quot;:true,&quot;nav_always_show_desktop&quot;:&quot;&quot;,&quot;nav_always_show_mobile&quot;:&quot;&quot;,&quot;breakpoint&quot;:&quot;780px&quot;,&quot;unmute&quot;:false,&quot;anchor&quot;:null}\"\n\t\t\t\t\t\t\t\t\t\tdata-anchor-id=\"\"\n\t\t\t\t>\t\t<li class=\"sow-slider-image\" style=\"visibility: visible;\" >\n\t\t\t\t\t\t<img fetchpriority=\"high\" decoding=\"async\" width=\"960\" height=\"771\" src=\"https:\/\/redeindigena.ip.usp.br\/wp-content\/uploads\/sites\/776\/2017\/03\/WhatsApp-Image-2020-09-17-at-20.04.37.jpeg\" class=\"sow-slider-background-image\" alt=\"Logotipo da Rede Ind\u00edgena\" style=\"\" srcset=\"https:\/\/redeindigena.ip.usp.br\/wp-content\/uploads\/sites\/776\/2017\/03\/WhatsApp-Image-2020-09-17-at-20.04.37.jpeg 960w, https:\/\/redeindigena.ip.usp.br\/wp-content\/uploads\/sites\/776\/2017\/03\/WhatsApp-Image-2020-09-17-at-20.04.37-300x241.jpeg 300w, https:\/\/redeindigena.ip.usp.br\/wp-content\/uploads\/sites\/776\/2017\/03\/WhatsApp-Image-2020-09-17-at-20.04.37-768x617.jpeg 768w, https:\/\/redeindigena.ip.usp.br\/wp-content\/uploads\/sites\/776\/2017\/03\/WhatsApp-Image-2020-09-17-at-20.04.37-400x321.jpeg 400w\" sizes=\"(max-width: 960px) 100vw, 960px\" \/>\t\t<\/li>\n\t\t<\/ul>\t\t\t\t<ol class=\"sow-slider-pagination\">\n\t\t\t\t\t\t\t\t\t\t\t<li><a href=\"#\" data-goto=\"0\" aria-label=\"Display slide 1\"><\/a><\/li>\n\t\t\t\t\t\t\t\t\t<\/ol>\n\n\t\t\t\t<div class=\"sow-slide-nav sow-slide-nav-next\">\n\t\t\t\t\t<a href=\"#\" data-goto=\"next\" aria-label=\"Next slide\" data-action=\"next\">\n\t\t\t\t\t\t<em class=\"sow-sld-icon-thin-right\"><\/em>\n\t\t\t\t\t<\/a>\n\t\t\t\t<\/div>\n\n\t\t\t\t<div class=\"sow-slide-nav sow-slide-nav-prev\">\n\t\t\t\t\t<a href=\"#\" data-goto=\"previous\" aria-label=\"Previous slide\" data-action=\"prev\">\n\t\t\t\t\t\t<em class=\"sow-sld-icon-thin-left\"><\/em>\n\t\t\t\t\t<\/a>\n\t\t\t\t<\/div>\n\t\t\t\t<\/div><\/div><\/div><\/div><\/div><div id=\"pg-79-1\"  class=\"panel-grid panel-no-style\" ><div id=\"pgc-79-1-0\"  class=\"panel-grid-cell\" ><div id=\"panel-79-1-0-0\" class=\"so-panel widget widget_sow-headline panel-first-child\" data-index=\"1\" ><div\n\t\t\t\n\t\t\tclass=\"so-widget-sow-headline so-widget-sow-headline-default-144261dfe45d-79\"\n\t\t\t\n\t\t><div class=\"sow-headline-container \">\n\t\t\t\t\t\t\t<h2 class=\"sow-headline\">\n\t\t\t\t\t\txondaro kuery xondaria kuery onhembo'ea ty apy\t\t\t\t\t\t<\/h2>\n\t\t\t\t\t\t\t\t\t\t\t<div class=\"decoration\">\n\t\t\t\t\t\t<div class=\"decoration-inside\"><\/div>\n\t\t\t\t\t<\/div>\n\t\t\t\t\t\t\t\t\t\t\t<h4 class=\"sow-sub-headline\">\n\t\t\t\t\t\tespa\u00e7o de aprendizado de nossos saberes ancestrais\t\t\t\t\t\t<\/h4>\n\t\t\t\t\t\t<\/div>\n<\/div><\/div><div id=\"panel-79-1-0-1\" class=\"so-panel widget widget_text panel-last-child\" data-index=\"2\" >\t\t\t<div class=\"textwidget\"><p>A Rede de Aten\u00e7\u00e3o \u00e0 Pessoa Ind\u00edgena (Rede Ind\u00edgena) iniciou suas atividades em 2012, como um projeto de extens\u00e3o vinculado ao Laborat\u00f3rio de Intera\u00e7\u00e3o Verbal e Constru\u00e7\u00e3o de Conhecimento (LIVCC), situado no departamento de Psicologia Experimental (PSE) do Instituto de Psicologia da USP (IPUSP). Com a continuidade e amplia\u00e7\u00e3o das a\u00e7\u00f5es da Rede, em 2015, houve a sua formaliza\u00e7\u00e3o como um servi\u00e7o vinculado ao (PSE). Em 2017, constru\u00edmos a Casa de Culturas Ind\u00edgenas entre a Biblioteca do IPUSP e o Centro Escola (CEIP), numa \u00e1rea que, posteriormente, veio a ser reivindicada pelos ind\u00edgenas que participam das atividades da Rede para se tornar a Pra\u00e7a dos Povos Ind\u00edgenas. Atualmente, seguimos atuando no movimento ind\u00edgena dentro e fora da USP com cursos sobre a lingua e cultura Mbya Guarani, viagens e eventos para di\u00e1logo com comunidades ind\u00edgenas de dentro e fora de S\u00e3o Paulo, e publica\u00e7\u00f5es em nossas redes e portal.<\/p>\n<p>Se deseja cooperar com a Rede Ind\u00edgena entre em <a href=\"https:\/\/redeindigena.ip.usp.br\/contato\/\">contato<\/a>\u00a0falando de seu interesse e suas aproxima\u00e7\u00f5es com o projeto.<\/p>\n<\/div>\n\t\t<\/div><\/div><\/div><\/div>","protected":false},"excerpt":{"rendered":"<p>A Rede de Aten\u00e7\u00e3o \u00e0 Pessoa Ind\u00edgena (Rede Ind\u00edgena) iniciou suas atividades em 2012, como [&hellip;]<\/p>\n","protected":false},"author":1,"featured_media":0,"parent":0,"menu_order":0,"comment_status":"closed","ping_status":"closed","template":"","meta":{"_monsterinsights_skip_tracking":false,"_monsterinsights_sitenote_active":false,"_monsterinsights_sitenote_note":"","_monsterinsights_sitenote_category":0,"footnotes":"","_links_to":"","_links_to_target":""},"class_list":["post-79","page","type-page","status-publish","hentry"],"_links":{"self":[{"href":"https:\/\/redeindigena.ip.usp.br\/en\/wp-json\/wp\/v2\/pages\/79","targetHints":{"allow":["GET"]}}],"collection":[{"href":"https:\/\/redeindigena.ip.usp.br\/en\/wp-json\/wp\/v2\/pages"}],"about":[{"href":"https:\/\/redeindigena.ip.usp.br\/en\/wp-json\/wp\/v2\/types\/page"}],"author":[{"embeddable":true,"href":"https:\/\/redeindigena.ip.usp.br\/en\/wp-json\/wp\/v2\/users\/1"}],"replies":[{"embeddable":true,"href":"https:\/\/redeindigena.ip.usp.br\/en\/wp-json\/wp\/v2\/comments?post=79"}],"version-history":[{"count":7,"href":"https:\/\/redeindigena.ip.usp.br\/en\/wp-json\/wp\/v2\/pages\/79\/revisions"}],"predecessor-version":[{"id":2985,"href":"https:\/\/redeindigena.ip.usp.br\/en\/wp-json\/wp\/v2\/pages\/79\/revisions\/2985"}],"wp:attachment":[{"href":"https:\/\/redeindigena.ip.usp.br\/en\/wp-json\/wp\/v2\/media?parent=79"}],"curies":[{"name":"wp","href":"https:\/\/api.w.org\/{rel}","templated":true}]}}