{"id":1808,"date":"2023-03-05T07:49:18","date_gmt":"2023-03-05T10:49:18","guid":{"rendered":"https:\/\/redeindigena.ip.usp.br\/?page_id=1808"},"modified":"2025-05-12T13:16:59","modified_gmt":"2025-05-12T16:16:59","slug":"bem-viver-e-saude","status":"publish","type":"page","link":"https:\/\/redeindigena.ip.usp.br\/en\/acoes\/bem-viver-e-saude\/","title":{"rendered":"Bem-viver e sa\u00fade"},"content":{"rendered":"\t\t<div data-elementor-type=\"wp-page\" data-elementor-id=\"1808\" class=\"elementor elementor-1808\" data-elementor-post-type=\"page\">\n\t\t\t\t\t\t<section class=\"elementor-section elementor-top-section elementor-element elementor-element-3279b67 elementor-section-boxed elementor-section-height-default elementor-section-height-default\" data-id=\"3279b67\" data-element_type=\"section\">\n\t\t\t\t\t\t<div class=\"elementor-container elementor-column-gap-default\">\n\t\t\t\t\t<div class=\"elementor-column elementor-col-100 elementor-top-column elementor-element elementor-element-df5b8d3\" data-id=\"df5b8d3\" data-element_type=\"column\">\n\t\t\t<div class=\"elementor-widget-wrap elementor-element-populated\">\n\t\t\t\t\t\t<div class=\"elementor-element elementor-element-a8fed24 elementor-grid-3 elementor-grid-tablet-2 elementor-grid-mobile-1 elementor-posts--thumbnail-top load-more-align-center elementor-widget elementor-widget-posts\" data-id=\"a8fed24\" data-element_type=\"widget\" data-settings=\"{&quot;pagination_type&quot;:&quot;load_more_on_click&quot;,&quot;classic_columns&quot;:&quot;3&quot;,&quot;classic_columns_tablet&quot;:&quot;2&quot;,&quot;classic_columns_mobile&quot;:&quot;1&quot;,&quot;classic_row_gap&quot;:{&quot;unit&quot;:&quot;px&quot;,&quot;size&quot;:35,&quot;sizes&quot;:[]},&quot;classic_row_gap_tablet&quot;:{&quot;unit&quot;:&quot;px&quot;,&quot;size&quot;:&quot;&quot;,&quot;sizes&quot;:[]},&quot;classic_row_gap_mobile&quot;:{&quot;unit&quot;:&quot;px&quot;,&quot;size&quot;:&quot;&quot;,&quot;sizes&quot;:[]},&quot;load_more_spinner&quot;:{&quot;value&quot;:&quot;fas fa-spinner&quot;,&quot;library&quot;:&quot;fa-solid&quot;}}\" data-widget_type=\"posts.classic\">\n\t\t\t\t<div class=\"elementor-widget-container\">\n\t\t\t\t\t<div class=\"elementor-posts-container elementor-posts elementor-posts--skin-classic elementor-grid\">\n\t\t\t\t<article class=\"elementor-post elementor-grid-item post-3112 post type-post status-publish format-standard has-post-thumbnail hentry category-acoes category-bem-viver-e-saude category-fomacao-e-educacao\">\n\t\t\t\t<a class=\"elementor-post__thumbnail__link\" href=\"https:\/\/redeindigena.ip.usp.br\/en\/psicologia-indigena-no-congresso-internacional-mundos-indigenas\/\" tabindex=\"-1\" >\n\t\t\t<div class=\"elementor-post__thumbnail\"><img fetchpriority=\"high\" decoding=\"async\" width=\"300\" height=\"225\" src=\"https:\/\/redeindigena.ip.usp.br\/wp-content\/uploads\/sites\/776\/2026\/03\/WhatsApp-Image-2026-03-03-at-12.35.59-300x225.jpeg\" class=\"attachment-medium size-medium wp-image-3113\" alt=\"Atividade em sala de aula da Universidade Estadual da Bahia.\" srcset=\"https:\/\/redeindigena.ip.usp.br\/wp-content\/uploads\/sites\/776\/2026\/03\/WhatsApp-Image-2026-03-03-at-12.35.59-300x225.jpeg 300w, https:\/\/redeindigena.ip.usp.br\/wp-content\/uploads\/sites\/776\/2026\/03\/WhatsApp-Image-2026-03-03-at-12.35.59-1024x768.jpeg 1024w, https:\/\/redeindigena.ip.usp.br\/wp-content\/uploads\/sites\/776\/2026\/03\/WhatsApp-Image-2026-03-03-at-12.35.59-768x576.jpeg 768w, https:\/\/redeindigena.ip.usp.br\/wp-content\/uploads\/sites\/776\/2026\/03\/WhatsApp-Image-2026-03-03-at-12.35.59-1536x1152.jpeg 1536w, https:\/\/redeindigena.ip.usp.br\/wp-content\/uploads\/sites\/776\/2026\/03\/WhatsApp-Image-2026-03-03-at-12.35.59-80x60.jpeg 80w, https:\/\/redeindigena.ip.usp.br\/wp-content\/uploads\/sites\/776\/2026\/03\/WhatsApp-Image-2026-03-03-at-12.35.59-400x300.jpeg 400w, https:\/\/redeindigena.ip.usp.br\/wp-content\/uploads\/sites\/776\/2026\/03\/WhatsApp-Image-2026-03-03-at-12.35.59.jpeg 1600w\" sizes=\"(max-width: 300px) 100vw, 300px\" \/><\/div>\n\t\t<\/a>\n\t\t\t\t<div class=\"elementor-post__text\">\n\t\t\t\t<h3 class=\"elementor-post__title\">\n\t\t\t<a href=\"https:\/\/redeindigena.ip.usp.br\/en\/psicologia-indigena-no-congresso-internacional-mundos-indigenas\/\" >\n\t\t\t\t(Portugu\u00eas) Psicologia ind\u00edgena no Congresso Internacional Mundos Ind\u00edgenas\t\t\t<\/a>\n\t\t<\/h3>\n\t\t\t\t<div class=\"elementor-post__meta-data\">\n\t\t\t\t\t<span class=\"elementor-post-date\">\n\t\t\t23\/03\/2026\t\t<\/span>\n\t\t\t\t<\/div>\n\t\t\t\t<div class=\"elementor-post__excerpt\">\n\t\t\t<p>Sorry, this entry is only available in Portugu\u00eas.<\/p>\n\t\t<\/div>\n\t\t\n\t\t<a class=\"elementor-post__read-more\" href=\"https:\/\/redeindigena.ip.usp.br\/en\/psicologia-indigena-no-congresso-internacional-mundos-indigenas\/\" aria-label=\"Read more about (Portugu\u00eas) Psicologia ind\u00edgena no Congresso Internacional Mundos Ind\u00edgenas\" tabindex=\"-1\" >\n\t\t\tLer mais \u00bb\t\t<\/a>\n\n\t\t\t\t<\/div>\n\t\t\t\t<\/article>\n\t\t\t\t<article class=\"elementor-post elementor-grid-item post-3104 post type-post status-publish format-standard has-post-thumbnail hentry category-acoes category-bem-viver-e-saude category-fomacao-e-educacao category-geral category-noticias\">\n\t\t\t\t<a class=\"elementor-post__thumbnail__link\" href=\"https:\/\/redeindigena.ip.usp.br\/en\/dialogos-sobre-a-educacao-indigena-e-formas-de-avaliacao-do-bem-estar-comunitario\/\" tabindex=\"-1\" >\n\t\t\t<div class=\"elementor-post__thumbnail\"><img decoding=\"async\" width=\"300\" height=\"200\" src=\"https:\/\/redeindigena.ip.usp.br\/wp-content\/uploads\/sites\/776\/2026\/03\/Visita-tecnica-300x200.png\" class=\"attachment-medium size-medium wp-image-3106\" alt=\"Tek\u00f3 jepou. Visita t\u00e9cnica ao Teko\u00e1 Takuari. Foto: Paula Rasia Lira.\" srcset=\"https:\/\/redeindigena.ip.usp.br\/wp-content\/uploads\/sites\/776\/2026\/03\/Visita-tecnica-300x200.png 300w, https:\/\/redeindigena.ip.usp.br\/wp-content\/uploads\/sites\/776\/2026\/03\/Visita-tecnica-1024x683.png 1024w, https:\/\/redeindigena.ip.usp.br\/wp-content\/uploads\/sites\/776\/2026\/03\/Visita-tecnica-768x512.png 768w, https:\/\/redeindigena.ip.usp.br\/wp-content\/uploads\/sites\/776\/2026\/03\/Visita-tecnica-1536x1024.png 1536w, https:\/\/redeindigena.ip.usp.br\/wp-content\/uploads\/sites\/776\/2026\/03\/Visita-tecnica-2048x1365.png 2048w, https:\/\/redeindigena.ip.usp.br\/wp-content\/uploads\/sites\/776\/2026\/03\/Visita-tecnica-272x182.png 272w, https:\/\/redeindigena.ip.usp.br\/wp-content\/uploads\/sites\/776\/2026\/03\/Visita-tecnica-400x267.png 400w\" sizes=\"(max-width: 300px) 100vw, 300px\" \/><\/div>\n\t\t<\/a>\n\t\t\t\t<div class=\"elementor-post__text\">\n\t\t\t\t<h3 class=\"elementor-post__title\">\n\t\t\t<a href=\"https:\/\/redeindigena.ip.usp.br\/en\/dialogos-sobre-a-educacao-indigena-e-formas-de-avaliacao-do-bem-estar-comunitario\/\" >\n\t\t\t\tDialogues on Indigenous Education and Ways of Assessing Wellbeing in the Community\t\t\t<\/a>\n\t\t<\/h3>\n\t\t\t\t<div class=\"elementor-post__meta-data\">\n\t\t\t\t\t<span class=\"elementor-post-date\">\n\t\t\t02\/03\/2026\t\t<\/span>\n\t\t\t\t<\/div>\n\t\t\t\t<div class=\"elementor-post__excerpt\">\n\t\t\t<p>Danilo Silva Guimar\u00e3es, Luciano Sewaybricker, Paula Rasia Lira (Universidade de S\u00e3o Paulo) and Associa\u00e7\u00e3o Ind\u00edgena<\/p>\n\t\t<\/div>\n\t\t\n\t\t<a class=\"elementor-post__read-more\" href=\"https:\/\/redeindigena.ip.usp.br\/en\/dialogos-sobre-a-educacao-indigena-e-formas-de-avaliacao-do-bem-estar-comunitario\/\" aria-label=\"Read more about Dialogues on Indigenous Education and Ways of Assessing Wellbeing in the Community\" tabindex=\"-1\" >\n\t\t\tLer mais \u00bb\t\t<\/a>\n\n\t\t\t\t<\/div>\n\t\t\t\t<\/article>\n\t\t\t\t<article class=\"elementor-post elementor-grid-item post-2993 post type-post status-publish format-standard has-post-thumbnail hentry category-bem-viver-e-saude category-fomacao-e-educacao category-geral\">\n\t\t\t\t<a class=\"elementor-post__thumbnail__link\" href=\"https:\/\/redeindigena.ip.usp.br\/en\/rodas-de-conversa-no-contexto-da-ufg-em-parceria-com-a-rede-indigena-maio-de-2025\/\" tabindex=\"-1\" >\n\t\t\t<div class=\"elementor-post__thumbnail\"><img decoding=\"async\" width=\"300\" height=\"200\" src=\"https:\/\/redeindigena.ip.usp.br\/wp-content\/uploads\/sites\/776\/2025\/07\/RE-300-x-200-px-9.png\" class=\"attachment-medium size-medium wp-image-3017\" alt=\"\" srcset=\"https:\/\/redeindigena.ip.usp.br\/wp-content\/uploads\/sites\/776\/2025\/07\/RE-300-x-200-px-9.png 300w, https:\/\/redeindigena.ip.usp.br\/wp-content\/uploads\/sites\/776\/2025\/07\/RE-300-x-200-px-9-272x182.png 272w\" sizes=\"(max-width: 300px) 100vw, 300px\" \/><\/div>\n\t\t<\/a>\n\t\t\t\t<div class=\"elementor-post__text\">\n\t\t\t\t<h3 class=\"elementor-post__title\">\n\t\t\t<a href=\"https:\/\/redeindigena.ip.usp.br\/en\/rodas-de-conversa-no-contexto-da-ufg-em-parceria-com-a-rede-indigena-maio-de-2025\/\" >\n\t\t\t\tDialogue Circles at UFG in Partnership with the Indigenous Network: May 2025\t\t\t<\/a>\n\t\t<\/h3>\n\t\t\t\t<div class=\"elementor-post__meta-data\">\n\t\t\t\t\t<span class=\"elementor-post-date\">\n\t\t\t29\/07\/2025\t\t<\/span>\n\t\t\t\t<\/div>\n\t\t\t\t<div class=\"elementor-post__excerpt\">\n\t\t\t<p>The fourth and fifth dialogue circles of the Indigenous Network\u2019s partnership project with UFG, &#8220;Creating<\/p>\n\t\t<\/div>\n\t\t\n\t\t<a class=\"elementor-post__read-more\" href=\"https:\/\/redeindigena.ip.usp.br\/en\/rodas-de-conversa-no-contexto-da-ufg-em-parceria-com-a-rede-indigena-maio-de-2025\/\" aria-label=\"Read more about Dialogue Circles at UFG in Partnership with the Indigenous Network: May 2025\" tabindex=\"-1\" >\n\t\t\tLer mais \u00bb\t\t<\/a>\n\n\t\t\t\t<\/div>\n\t\t\t\t<\/article>\n\t\t\t\t<article class=\"elementor-post elementor-grid-item post-2783 post type-post status-publish format-standard has-post-thumbnail hentry category-bem-viver-e-saude category-fomacao-e-educacao category-geral\">\n\t\t\t\t<a class=\"elementor-post__thumbnail__link\" href=\"https:\/\/redeindigena.ip.usp.br\/en\/projeto-os-sentidos-de-saude-e-bem-viver-emergentes-na-rede-de-atencao-a-pessoa-indigena-da-usp\/\" tabindex=\"-1\" >\n\t\t\t<div class=\"elementor-post__thumbnail\"><img loading=\"lazy\" decoding=\"async\" width=\"300\" height=\"200\" src=\"https:\/\/redeindigena.ip.usp.br\/wp-content\/uploads\/sites\/776\/2025\/04\/RE-300-x-200-px-8.png\" class=\"attachment-medium size-medium wp-image-3007\" alt=\"\" srcset=\"https:\/\/redeindigena.ip.usp.br\/wp-content\/uploads\/sites\/776\/2025\/04\/RE-300-x-200-px-8.png 300w, https:\/\/redeindigena.ip.usp.br\/wp-content\/uploads\/sites\/776\/2025\/04\/RE-300-x-200-px-8-272x182.png 272w\" sizes=\"(max-width: 300px) 100vw, 300px\" \/><\/div>\n\t\t<\/a>\n\t\t\t\t<div class=\"elementor-post__text\">\n\t\t\t\t<h3 class=\"elementor-post__title\">\n\t\t\t<a href=\"https:\/\/redeindigena.ip.usp.br\/en\/projeto-os-sentidos-de-saude-e-bem-viver-emergentes-na-rede-de-atencao-a-pessoa-indigena-da-usp\/\" >\n\t\t\t\tProject: Emerging Notions of Health and Well-Being in the USP Indigenous Network\t\t\t<\/a>\n\t\t<\/h3>\n\t\t\t\t<div class=\"elementor-post__meta-data\">\n\t\t\t\t\t<span class=\"elementor-post-date\">\n\t\t\t24\/04\/2025\t\t<\/span>\n\t\t\t\t<\/div>\n\t\t\t\t<div class=\"elementor-post__excerpt\">\n\t\t\t<p>By Eduarda Santos Costa (PIBIC Scholarship holder, process number 2024_1071) Psychology, having developed within colonial<\/p>\n\t\t<\/div>\n\t\t\n\t\t<a class=\"elementor-post__read-more\" href=\"https:\/\/redeindigena.ip.usp.br\/en\/projeto-os-sentidos-de-saude-e-bem-viver-emergentes-na-rede-de-atencao-a-pessoa-indigena-da-usp\/\" aria-label=\"Read more about Project: Emerging Notions of Health and Well-Being in the USP Indigenous Network\" tabindex=\"-1\" >\n\t\t\tLer mais \u00bb\t\t<\/a>\n\n\t\t\t\t<\/div>\n\t\t\t\t<\/article>\n\t\t\t\t<article class=\"elementor-post elementor-grid-item post-2553 post type-post status-publish format-standard has-post-thumbnail hentry category-bem-viver-e-saude category-fomacao-e-educacao category-geral\">\n\t\t\t\t<a class=\"elementor-post__thumbnail__link\" href=\"https:\/\/redeindigena.ip.usp.br\/en\/rodas-de-conversa-no-contexto-da-ufg-em-parceria-com-a-rede-indigena-novembro-de-2024\/\" tabindex=\"-1\" >\n\t\t\t<div class=\"elementor-post__thumbnail\"><img loading=\"lazy\" decoding=\"async\" width=\"300\" height=\"200\" src=\"https:\/\/redeindigena.ip.usp.br\/wp-content\/uploads\/sites\/776\/2025\/03\/RE-300-x-200-px-4.png\" class=\"attachment-medium size-medium wp-image-2579\" alt=\"\" srcset=\"https:\/\/redeindigena.ip.usp.br\/wp-content\/uploads\/sites\/776\/2025\/03\/RE-300-x-200-px-4.png 300w, https:\/\/redeindigena.ip.usp.br\/wp-content\/uploads\/sites\/776\/2025\/03\/RE-300-x-200-px-4-272x182.png 272w\" sizes=\"(max-width: 300px) 100vw, 300px\" \/><\/div>\n\t\t<\/a>\n\t\t\t\t<div class=\"elementor-post__text\">\n\t\t\t\t<h3 class=\"elementor-post__title\">\n\t\t\t<a href=\"https:\/\/redeindigena.ip.usp.br\/en\/rodas-de-conversa-no-contexto-da-ufg-em-parceria-com-a-rede-indigena-novembro-de-2024\/\" >\n\t\t\t\tConversation Circles in the Context of UFG in Partnership with the Indigenous Network: November 2024\t\t\t<\/a>\n\t\t<\/h3>\n\t\t\t\t<div class=\"elementor-post__meta-data\">\n\t\t\t\t\t<span class=\"elementor-post-date\">\n\t\t\t26\/03\/2025\t\t<\/span>\n\t\t\t\t<\/div>\n\t\t\t\t<div class=\"elementor-post__excerpt\">\n\t\t\t<p>As part of the project &#8220;Creating Spaces for Dialogue on Indigenous Peoples&#8217; Health and Well-being,&#8221;<\/p>\n\t\t<\/div>\n\t\t\n\t\t<a class=\"elementor-post__read-more\" href=\"https:\/\/redeindigena.ip.usp.br\/en\/rodas-de-conversa-no-contexto-da-ufg-em-parceria-com-a-rede-indigena-novembro-de-2024\/\" aria-label=\"Read more about Conversation Circles in the Context of UFG in Partnership with the Indigenous Network: November 2024\" tabindex=\"-1\" >\n\t\t\tLer mais \u00bb\t\t<\/a>\n\n\t\t\t\t<\/div>\n\t\t\t\t<\/article>\n\t\t\t\t<article class=\"elementor-post elementor-grid-item post-2534 post type-post status-publish format-standard hentry category-bem-viver-e-saude category-fomacao-e-educacao category-geral\">\n\t\t\t\t<div class=\"elementor-post__text\">\n\t\t\t\t<h3 class=\"elementor-post__title\">\n\t\t\t<a href=\"https:\/\/redeindigena.ip.usp.br\/en\/2o-encontro-de-psicologia-indigena-saude-e-bem-viver\/\" >\n\t\t\t\t1st Meeting on Indigenous Psychology, Health, and Well-Being\t\t\t<\/a>\n\t\t<\/h3>\n\t\t\t\t<div class=\"elementor-post__meta-data\">\n\t\t\t\t\t<span class=\"elementor-post-date\">\n\t\t\t13\/03\/2025\t\t<\/span>\n\t\t\t\t<\/div>\n\t\t\t\t<div class=\"elementor-post__excerpt\">\n\t\t\t<p>https:\/\/youtu.be\/9ev_D2PvESU Recording of the II Indigenous Psychology, Health, and Well-being Meeting, organized by the Rede<\/p>\n\t\t<\/div>\n\t\t\n\t\t<a class=\"elementor-post__read-more\" href=\"https:\/\/redeindigena.ip.usp.br\/en\/2o-encontro-de-psicologia-indigena-saude-e-bem-viver\/\" aria-label=\"Read more about 1st Meeting on Indigenous Psychology, Health, and Well-Being\" tabindex=\"-1\" >\n\t\t\tLer mais \u00bb\t\t<\/a>\n\n\t\t\t\t<\/div>\n\t\t\t\t<\/article>\n\t\t\t\t<\/div>\n\t\t\t\t\t<span class=\"e-load-more-spinner\">\n\t\t\t\t<i aria-hidden=\"true\" class=\"fas fa-spinner\"><\/i>\t\t\t<\/span>\n\t\t\n\t\t\t\t<div class=\"e-load-more-anchor\" data-page=\"1\" data-max-page=\"6\" data-next-page=\"https:\/\/redeindigena.ip.usp.br\/en\/wp-json\/wp\/v2\/pages\/1808\/page\/2\/\"><\/div>\n\t\t\t\t<div class=\"elementor-button-wrapper\">\n\t\t\t<a href=\"#\" class=\"elementor-button-link elementor-button\" role=\"button\">\n\t\t\t\t\t\t<span class=\"elementor-button-content-wrapper\">\n\t\t\t\t\t\t\t\t\t<span class=\"elementor-button-text\">Mais postagens<\/span>\n\t\t\t\t\t<\/span>\n\t\t\t\t\t<\/a>\n\t\t<\/div>\n\t\t\t\t<div class=\"e-load-more-message\"><\/div>\n\t\t\t\t<\/div>\n\t\t\t\t<\/div>\n\t\t\t\t\t<\/div>\n\t\t<\/div>\n\t\t\t\t\t<\/div>\n\t\t<\/section>\n\t\t\t\t<section class=\"elementor-section elementor-top-section elementor-element elementor-element-3e00142 elementor-section-boxed elementor-section-height-default elementor-section-height-default\" data-id=\"3e00142\" data-element_type=\"section\">\n\t\t\t\t\t\t<div class=\"elementor-container elementor-column-gap-default\">\n\t\t\t\t\t<div class=\"elementor-column elementor-col-100 elementor-top-column elementor-element elementor-element-c3bfda7\" data-id=\"c3bfda7\" data-element_type=\"column\">\n\t\t\t<div class=\"elementor-widget-wrap elementor-element-populated\">\n\t\t\t\t\t\t<div class=\"elementor-element elementor-element-54c09fd elementor-widget elementor-widget-text-editor\" data-id=\"54c09fd\" data-element_type=\"widget\" data-widget_type=\"text-editor.default\">\n\t\t\t\t<div class=\"elementor-widget-container\">\n\t\t\t\t\t\t\t<p><\/p><p><\/p><p><span style=\"font-weight: 400;\">The discussion on well-being and health within the <\/span><i><span style=\"font-weight: 400;\">Indigenous Network USP<\/span><\/i><span style=\"font-weight: 400;\"> has encompassed topics such as psychological care for Indigenous people, food sovereignty, and animal care in Indigenous communities.<\/span><\/p><h2><b>Psychological Care<\/b><\/h2><p><span style=\"font-weight: 400;\">The goal of this initiative is to develop and implement psychological care strategies for Indigenous people in various modalities. We understand that the social and community-specific contexts of Indigenous peoples require a transformation of theoretical-methodological concepts and psychological intervention techniques. It is crucial that professionals receive adequate training to effectively promote these transformations.<\/span><\/p><p><span style=\"font-weight: 400;\">To this end, we maintain a regular study group, ensuring the continuous education of professionals in the specificities of the psychological care proposed here, as well as regular supervision of the services provided.<\/span><\/p><p><span style=\"font-weight: 400;\">To contact the team providing these services, please email: <\/span>atendimentoredeindigena@usp.br<\/p><h2><b>Food Security and Sovereignty<\/b><\/h2><p><span style=\"font-weight: 400;\">The ongoing debate surrounding the <\/span><i><span style=\"font-weight: 400;\">Marco Temporal<\/span><\/i><span style=\"font-weight: 400;\"> (<\/span><i><span style=\"font-weight: 400;\">Temporal Framework<\/span><\/i><span style=\"font-weight: 400;\"> refers to a legal argument in Brazil that limits Indigenous land rights to territories occupied on or before October 5, 1988, the date of Brazil&#8217;s Constitution.) has exacerbated the longstanding struggles of Indigenous peoples in Brazil since the arrival of Europeans. One of the major historical issues is the reduction of their territories, whether due to land invasions, deforestation, and\/or contamination from agribusiness, illegal mining, and other extractive activities. Additionally, the lack of land demarcation and official recognition by public authorities, along with violent expulsions driven by discrimination and religious intolerance, complicates the situation further.<\/span><\/p><p><span style=\"font-weight: 400;\">This reality presents significant challenges in ensuring that Indigenous peoples can inhabit their sacred territories in a way that aligns with their traditional lifestyles, increasing their dependency on non-Indigenous services and products\u2014especially those related to food. In this context, two major issues arise: food insecurity and the lack of autonomy in the production and maintenance of traditional Indigenous diets.<\/span><\/p><p><span style=\"font-weight: 400;\">The <\/span><i><span style=\"font-weight: 400;\">N\u00facleo de Soberania e Seguran\u00e7a Alimentar<\/span><\/i><span style=\"font-weight: 400;\"> (Center for Food Sovereignty and Security) seeks to support Indigenous villages and communities in achieving food sovereignty by facilitating the exchange of knowledge, seeds, and seedlings among Indigenous villages, traditional communities, and universities. It aims to strengthen the dialogue between ancestral Indigenous wisdom and agroecology, helping to restore soil fertility, agrobiodiversity, and traditional food production. When necessary and upon request from the communities, the initiative also seeks to provide targeted support to <\/span><span style=\"font-weight: 400;\">reduce food insecurity.<\/span><\/p><h2><b>Animal Care<\/b><\/h2><p><span style=\"font-weight: 400;\">This initiative is dedicated to developing solutions to address the overpopulation of dogs and cats in Indigenous communities. It involves discussions with community leaders, Indigenous health and sanitation agents, Indigenous educators, veterinarians, etc. to (find culturally appropriate ways to care for animals in alignment with the community\u2019s needs and values.) (find ways to care for the animals in accordance with the community.) <\/span><\/p>\t\t\t\t\t\t<\/div>\n\t\t\t\t<\/div>\n\t\t\t\t\t<\/div>\n\t\t<\/div>\n\t\t\t\t\t<\/div>\n\t\t<\/section>\n\t\t\t\t<\/div>\n\t\t","protected":false},"excerpt":{"rendered":"<p>The discussion on well-being and health within the Indigenous Network USP has encompassed topics such [&hellip;]<\/p>\n","protected":false},"author":21984,"featured_media":0,"parent":827,"menu_order":0,"comment_status":"closed","ping_status":"closed","template":"","meta":{"_monsterinsights_skip_tracking":false,"_monsterinsights_sitenote_active":false,"_monsterinsights_sitenote_note":"","_monsterinsights_sitenote_category":0,"footnotes":"","_links_to":"","_links_to_target":""},"class_list":["post-1808","page","type-page","status-publish","hentry"],"_links":{"self":[{"href":"https:\/\/redeindigena.ip.usp.br\/en\/wp-json\/wp\/v2\/pages\/1808","targetHints":{"allow":["GET"]}}],"collection":[{"href":"https:\/\/redeindigena.ip.usp.br\/en\/wp-json\/wp\/v2\/pages"}],"about":[{"href":"https:\/\/redeindigena.ip.usp.br\/en\/wp-json\/wp\/v2\/types\/page"}],"author":[{"embeddable":true,"href":"https:\/\/redeindigena.ip.usp.br\/en\/wp-json\/wp\/v2\/users\/21984"}],"replies":[{"embeddable":true,"href":"https:\/\/redeindigena.ip.usp.br\/en\/wp-json\/wp\/v2\/comments?post=1808"}],"version-history":[{"count":4,"href":"https:\/\/redeindigena.ip.usp.br\/en\/wp-json\/wp\/v2\/pages\/1808\/revisions"}],"predecessor-version":[{"id":2875,"href":"https:\/\/redeindigena.ip.usp.br\/en\/wp-json\/wp\/v2\/pages\/1808\/revisions\/2875"}],"up":[{"embeddable":true,"href":"https:\/\/redeindigena.ip.usp.br\/en\/wp-json\/wp\/v2\/pages\/827"}],"wp:attachment":[{"href":"https:\/\/redeindigena.ip.usp.br\/en\/wp-json\/wp\/v2\/media?parent=1808"}],"curies":[{"name":"wp","href":"https:\/\/api.w.org\/{rel}","templated":true}]}}