{"id":1792,"date":"2023-03-05T07:38:46","date_gmt":"2023-03-05T10:38:46","guid":{"rendered":"https:\/\/redeindigena.ip.usp.br\/?page_id=1792"},"modified":"2023-03-05T07:43:04","modified_gmt":"2023-03-05T10:43:04","slug":"justica-e-direitos","status":"publish","type":"page","link":"https:\/\/redeindigena.ip.usp.br\/en\/acoes\/justica-e-direitos\/","title":{"rendered":"Justi\u00e7a e direitos"},"content":{"rendered":"\t\t<div data-elementor-type=\"wp-page\" data-elementor-id=\"1792\" class=\"elementor elementor-1792\" data-elementor-post-type=\"page\">\n\t\t\t\t\t\t<section class=\"elementor-section elementor-top-section elementor-element elementor-element-9379942 elementor-section-boxed elementor-section-height-default elementor-section-height-default\" data-id=\"9379942\" data-element_type=\"section\">\n\t\t\t\t\t\t<div class=\"elementor-container elementor-column-gap-default\">\n\t\t\t\t\t<div class=\"elementor-column elementor-col-100 elementor-top-column elementor-element elementor-element-1803139\" data-id=\"1803139\" data-element_type=\"column\">\n\t\t\t<div class=\"elementor-widget-wrap elementor-element-populated\">\n\t\t\t\t\t\t<div class=\"elementor-element elementor-element-f489527 elementor-grid-3 elementor-grid-tablet-2 elementor-grid-mobile-1 elementor-posts--thumbnail-top load-more-align-center elementor-widget elementor-widget-posts\" data-id=\"f489527\" data-element_type=\"widget\" data-settings=\"{&quot;pagination_type&quot;:&quot;load_more_on_click&quot;,&quot;classic_columns&quot;:&quot;3&quot;,&quot;classic_columns_tablet&quot;:&quot;2&quot;,&quot;classic_columns_mobile&quot;:&quot;1&quot;,&quot;classic_row_gap&quot;:{&quot;unit&quot;:&quot;px&quot;,&quot;size&quot;:35,&quot;sizes&quot;:[]},&quot;classic_row_gap_tablet&quot;:{&quot;unit&quot;:&quot;px&quot;,&quot;size&quot;:&quot;&quot;,&quot;sizes&quot;:[]},&quot;classic_row_gap_mobile&quot;:{&quot;unit&quot;:&quot;px&quot;,&quot;size&quot;:&quot;&quot;,&quot;sizes&quot;:[]},&quot;load_more_spinner&quot;:{&quot;value&quot;:&quot;fas fa-spinner&quot;,&quot;library&quot;:&quot;fa-solid&quot;}}\" data-widget_type=\"posts.classic\">\n\t\t\t\t<div class=\"elementor-widget-container\">\n\t\t\t\t\t<div class=\"elementor-posts-container elementor-posts elementor-posts--skin-classic elementor-grid\">\n\t\t\t\t<article class=\"elementor-post elementor-grid-item post-3087 post type-post status-publish format-standard has-post-thumbnail hentry category-acoes category-bem-viver-e-saude category-fomacao-e-educacao category-geral category-justica-e-direitos\">\n\t\t\t\t<a class=\"elementor-post__thumbnail__link\" href=\"https:\/\/redeindigena.ip.usp.br\/en\/relatorio-anual-da-rede-de-atencao-a-pessoa-indigena-do-ano-de-2024\/\" tabindex=\"-1\" >\n\t\t\t<div class=\"elementor-post__thumbnail\"><img fetchpriority=\"high\" decoding=\"async\" width=\"300\" height=\"176\" src=\"https:\/\/redeindigena.ip.usp.br\/wp-content\/uploads\/sites\/776\/2025\/11\/Frame-3-2-300x176.png\" class=\"attachment-medium size-medium wp-image-3123\" alt=\"\" srcset=\"https:\/\/redeindigena.ip.usp.br\/wp-content\/uploads\/sites\/776\/2025\/11\/Frame-3-2-300x176.png 300w, https:\/\/redeindigena.ip.usp.br\/wp-content\/uploads\/sites\/776\/2025\/11\/Frame-3-2-1024x602.png 1024w, https:\/\/redeindigena.ip.usp.br\/wp-content\/uploads\/sites\/776\/2025\/11\/Frame-3-2-768x452.png 768w, https:\/\/redeindigena.ip.usp.br\/wp-content\/uploads\/sites\/776\/2025\/11\/Frame-3-2-1536x903.png 1536w, https:\/\/redeindigena.ip.usp.br\/wp-content\/uploads\/sites\/776\/2025\/11\/Frame-3-2-2048x1204.png 2048w, https:\/\/redeindigena.ip.usp.br\/wp-content\/uploads\/sites\/776\/2025\/11\/Frame-3-2-400x235.png 400w\" sizes=\"(max-width: 300px) 100vw, 300px\" \/><\/div>\n\t\t<\/a>\n\t\t\t\t<div class=\"elementor-post__text\">\n\t\t\t\t<h3 class=\"elementor-post__title\">\n\t\t\t<a href=\"https:\/\/redeindigena.ip.usp.br\/en\/relatorio-anual-da-rede-de-atencao-a-pessoa-indigena-do-ano-de-2024\/\" >\n\t\t\t\t(Portugu\u00eas) Relat\u00f3rio anual da Rede de Aten\u00e7\u00e3o \u00e0 Pessoa Ind\u00edgena do ano de 2024\t\t\t<\/a>\n\t\t<\/h3>\n\t\t\t\t<div class=\"elementor-post__meta-data\">\n\t\t\t\t\t<span class=\"elementor-post-date\">\n\t\t\t17\/11\/2025\t\t<\/span>\n\t\t\t\t<\/div>\n\t\t\t\t<div class=\"elementor-post__excerpt\">\n\t\t\t<p>Nhembongarai, CCI IPUSP. Fonte: Acervo Rede Ind\u00edgena. Nhemongarai, CCI IPUSP. Fonte: Acervo Rede Ind\u00edgena. Viv\u00eancia<\/p>\n\t\t<\/div>\n\t\t\n\t\t<a class=\"elementor-post__read-more\" href=\"https:\/\/redeindigena.ip.usp.br\/en\/relatorio-anual-da-rede-de-atencao-a-pessoa-indigena-do-ano-de-2024\/\" aria-label=\"Read more about (Portugu\u00eas) Relat\u00f3rio anual da Rede de Aten\u00e7\u00e3o \u00e0 Pessoa Ind\u00edgena do ano de 2024\" tabindex=\"-1\" >\n\t\t\tLer mais \u00bb\t\t<\/a>\n\n\t\t\t\t<\/div>\n\t\t\t\t<\/article>\n\t\t\t\t<article class=\"elementor-post elementor-grid-item post-2432 post type-post status-publish format-standard has-post-thumbnail hentry category-acoes category-bem-viver-e-saude category-fomacao-e-educacao category-justica-e-direitos\">\n\t\t\t\t<a class=\"elementor-post__thumbnail__link\" href=\"https:\/\/redeindigena.ip.usp.br\/en\/1o-encontro-internacional-de-psicologia-indigena\/\" tabindex=\"-1\" >\n\t\t\t<div class=\"elementor-post__thumbnail\"><img decoding=\"async\" width=\"300\" height=\"300\" src=\"https:\/\/redeindigena.ip.usp.br\/wp-content\/uploads\/sites\/776\/2025\/02\/I-Encontro-Psicologia-Indigena-saude-e-bem-viver-8-300x300.png\" class=\"attachment-medium size-medium wp-image-2440\" alt=\"\" srcset=\"https:\/\/redeindigena.ip.usp.br\/wp-content\/uploads\/sites\/776\/2025\/02\/I-Encontro-Psicologia-Indigena-saude-e-bem-viver-8-300x300.png 300w, https:\/\/redeindigena.ip.usp.br\/wp-content\/uploads\/sites\/776\/2025\/02\/I-Encontro-Psicologia-Indigena-saude-e-bem-viver-8-1024x1024.png 1024w, https:\/\/redeindigena.ip.usp.br\/wp-content\/uploads\/sites\/776\/2025\/02\/I-Encontro-Psicologia-Indigena-saude-e-bem-viver-8-150x150.png 150w, https:\/\/redeindigena.ip.usp.br\/wp-content\/uploads\/sites\/776\/2025\/02\/I-Encontro-Psicologia-Indigena-saude-e-bem-viver-8-768x768.png 768w, https:\/\/redeindigena.ip.usp.br\/wp-content\/uploads\/sites\/776\/2025\/02\/I-Encontro-Psicologia-Indigena-saude-e-bem-viver-8-45x45.png 45w, https:\/\/redeindigena.ip.usp.br\/wp-content\/uploads\/sites\/776\/2025\/02\/I-Encontro-Psicologia-Indigena-saude-e-bem-viver-8-200x200.png 200w, https:\/\/redeindigena.ip.usp.br\/wp-content\/uploads\/sites\/776\/2025\/02\/I-Encontro-Psicologia-Indigena-saude-e-bem-viver-8-400x400.png 400w, https:\/\/redeindigena.ip.usp.br\/wp-content\/uploads\/sites\/776\/2025\/02\/I-Encontro-Psicologia-Indigena-saude-e-bem-viver-8.png 1080w\" sizes=\"(max-width: 300px) 100vw, 300px\" \/><\/div>\n\t\t<\/a>\n\t\t\t\t<div class=\"elementor-post__text\">\n\t\t\t\t<h3 class=\"elementor-post__title\">\n\t\t\t<a href=\"https:\/\/redeindigena.ip.usp.br\/en\/1o-encontro-internacional-de-psicologia-indigena\/\" >\n\t\t\t\t1st International Congress on Indigenous Psychology: Interest Forms\t\t\t<\/a>\n\t\t<\/h3>\n\t\t\t\t<div class=\"elementor-post__meta-data\">\n\t\t\t\t\t<span class=\"elementor-post-date\">\n\t\t\t14\/02\/2025\t\t<\/span>\n\t\t\t\t<\/div>\n\t\t\t\t<div class=\"elementor-post__excerpt\">\n\t\t\t<p>The Indigenous Person Care Network is proud to announce that it is preparing the 1st<\/p>\n\t\t<\/div>\n\t\t\n\t\t<a class=\"elementor-post__read-more\" href=\"https:\/\/redeindigena.ip.usp.br\/en\/1o-encontro-internacional-de-psicologia-indigena\/\" aria-label=\"Read more about 1st International Congress on Indigenous Psychology: Interest Forms\" tabindex=\"-1\" >\n\t\t\tLer mais \u00bb\t\t<\/a>\n\n\t\t\t\t<\/div>\n\t\t\t\t<\/article>\n\t\t\t\t<article class=\"elementor-post elementor-grid-item post-2187 post type-post status-publish format-standard has-post-thumbnail hentry category-bem-viver-e-saude category-fomacao-e-educacao category-geral category-justica-e-direitos\">\n\t\t\t\t<a class=\"elementor-post__thumbnail__link\" href=\"https:\/\/redeindigena.ip.usp.br\/en\/1%e2%81%b0-encontro-do-ciclo-de-eventos-psicologia-indigena-concepcoes-praticas-e-ambientes-de-saude-e-bem-viver\/\" tabindex=\"-1\" >\n\t\t\t<div class=\"elementor-post__thumbnail\"><img decoding=\"async\" width=\"300\" height=\"167\" src=\"https:\/\/redeindigena.ip.usp.br\/wp-content\/uploads\/sites\/776\/2024\/09\/Design-sem-nome-2-300x167.png\" class=\"attachment-medium size-medium wp-image-2288\" alt=\"\" srcset=\"https:\/\/redeindigena.ip.usp.br\/wp-content\/uploads\/sites\/776\/2024\/09\/Design-sem-nome-2-300x167.png 300w, https:\/\/redeindigena.ip.usp.br\/wp-content\/uploads\/sites\/776\/2024\/09\/Design-sem-nome-2-1024x569.png 1024w, https:\/\/redeindigena.ip.usp.br\/wp-content\/uploads\/sites\/776\/2024\/09\/Design-sem-nome-2-768x427.png 768w, https:\/\/redeindigena.ip.usp.br\/wp-content\/uploads\/sites\/776\/2024\/09\/Design-sem-nome-2-310x174.png 310w, https:\/\/redeindigena.ip.usp.br\/wp-content\/uploads\/sites\/776\/2024\/09\/Design-sem-nome-2-400x222.png 400w, https:\/\/redeindigena.ip.usp.br\/wp-content\/uploads\/sites\/776\/2024\/09\/Design-sem-nome-2.png 1080w\" sizes=\"(max-width: 300px) 100vw, 300px\" \/><\/div>\n\t\t<\/a>\n\t\t\t\t<div class=\"elementor-post__text\">\n\t\t\t\t<h3 class=\"elementor-post__title\">\n\t\t\t<a href=\"https:\/\/redeindigena.ip.usp.br\/en\/1%e2%81%b0-encontro-do-ciclo-de-eventos-psicologia-indigena-concepcoes-praticas-e-ambientes-de-saude-e-bem-viver\/\" >\n\t\t\t\t1st meeting of the \u201cIndigenous Psychology, Health and Well Being\u201d event cycle\t\t\t<\/a>\n\t\t<\/h3>\n\t\t\t\t<div class=\"elementor-post__meta-data\">\n\t\t\t\t\t<span class=\"elementor-post-date\">\n\t\t\t24\/09\/2024\t\t<\/span>\n\t\t\t\t<\/div>\n\t\t\t\t<div class=\"elementor-post__excerpt\">\n\t\t\t<p>Date: October 25, 2024 \u00a0 Part I &#8211; 2 PM to 4 PM: Indigenous experiments<\/p>\n\t\t<\/div>\n\t\t\n\t\t<a class=\"elementor-post__read-more\" href=\"https:\/\/redeindigena.ip.usp.br\/en\/1%e2%81%b0-encontro-do-ciclo-de-eventos-psicologia-indigena-concepcoes-praticas-e-ambientes-de-saude-e-bem-viver\/\" aria-label=\"Read more about 1st meeting of the \u201cIndigenous Psychology, Health and Well Being\u201d event cycle\" tabindex=\"-1\" >\n\t\t\tLer mais \u00bb\t\t<\/a>\n\n\t\t\t\t<\/div>\n\t\t\t\t<\/article>\n\t\t\t\t<article class=\"elementor-post elementor-grid-item post-2035 post type-post status-publish format-standard has-post-thumbnail hentry category-acoes category-fomacao-e-educacao category-justica-e-direitos\">\n\t\t\t\t<a class=\"elementor-post__thumbnail__link\" href=\"https:\/\/redeindigena.ip.usp.br\/en\/uma-volta-pelo-brasil\/\" tabindex=\"-1\" >\n\t\t\t<div class=\"elementor-post__thumbnail\"><img loading=\"lazy\" decoding=\"async\" width=\"300\" height=\"208\" src=\"https:\/\/redeindigena.ip.usp.br\/wp-content\/uploads\/sites\/776\/2024\/02\/Screenshot-from-2024-03-22-13-15-30-300x208.png\" class=\"attachment-medium size-medium wp-image-2059\" alt=\"\" srcset=\"https:\/\/redeindigena.ip.usp.br\/wp-content\/uploads\/sites\/776\/2024\/02\/Screenshot-from-2024-03-22-13-15-30-300x208.png 300w, https:\/\/redeindigena.ip.usp.br\/wp-content\/uploads\/sites\/776\/2024\/02\/Screenshot-from-2024-03-22-13-15-30-400x277.png 400w, https:\/\/redeindigena.ip.usp.br\/wp-content\/uploads\/sites\/776\/2024\/02\/Screenshot-from-2024-03-22-13-15-30.png 516w\" sizes=\"(max-width: 300px) 100vw, 300px\" \/><\/div>\n\t\t<\/a>\n\t\t\t\t<div class=\"elementor-post__text\">\n\t\t\t\t<h3 class=\"elementor-post__title\">\n\t\t\t<a href=\"https:\/\/redeindigena.ip.usp.br\/en\/uma-volta-pelo-brasil\/\" >\n\t\t\t\tUma volta pelo brasil\t\t\t<\/a>\n\t\t<\/h3>\n\t\t\t\t<div class=\"elementor-post__meta-data\">\n\t\t\t\t\t<span class=\"elementor-post-date\">\n\t\t\t29\/02\/2024\t\t<\/span>\n\t\t\t\t<\/div>\n\t\t\t\t<div class=\"elementor-post__excerpt\">\n\t\t\t<p>Texto PDF marcado pelos autores e coautores. Davi Kopenawa diz que o branco escreve no<\/p>\n\t\t<\/div>\n\t\t\n\t\t<a class=\"elementor-post__read-more\" href=\"https:\/\/redeindigena.ip.usp.br\/en\/uma-volta-pelo-brasil\/\" aria-label=\"Read more about Uma volta pelo brasil\" tabindex=\"-1\" >\n\t\t\tLer mais \u00bb\t\t<\/a>\n\n\t\t\t\t<\/div>\n\t\t\t\t<\/article>\n\t\t\t\t<article class=\"elementor-post elementor-grid-item post-1919 post type-post status-publish format-standard has-post-thumbnail hentry category-acoes category-fomacao-e-educacao category-geral category-justica-e-direitos\">\n\t\t\t\t<a class=\"elementor-post__thumbnail__link\" href=\"https:\/\/redeindigena.ip.usp.br\/en\/iii-encontro-dialogos-sobre-a-educacao-indigena-garantia-de-direitos-e-a-construcao-de-praticas-antirracistas\/\" tabindex=\"-1\" >\n\t\t\t<div class=\"elementor-post__thumbnail\"><img loading=\"lazy\" decoding=\"async\" width=\"300\" height=\"143\" src=\"https:\/\/redeindigena.ip.usp.br\/wp-content\/uploads\/sites\/776\/2023\/09\/WhatsApp-Image-2023-09-27-at-09.39.43-e1695821760517-300x143.jpeg\" class=\"attachment-medium size-medium wp-image-1922\" alt=\"\" srcset=\"https:\/\/redeindigena.ip.usp.br\/wp-content\/uploads\/sites\/776\/2023\/09\/WhatsApp-Image-2023-09-27-at-09.39.43-e1695821760517-300x143.jpeg 300w, https:\/\/redeindigena.ip.usp.br\/wp-content\/uploads\/sites\/776\/2023\/09\/WhatsApp-Image-2023-09-27-at-09.39.43-e1695821760517-768x366.jpeg 768w, https:\/\/redeindigena.ip.usp.br\/wp-content\/uploads\/sites\/776\/2023\/09\/WhatsApp-Image-2023-09-27-at-09.39.43-e1695821760517-400x191.jpeg 400w, https:\/\/redeindigena.ip.usp.br\/wp-content\/uploads\/sites\/776\/2023\/09\/WhatsApp-Image-2023-09-27-at-09.39.43-e1695821760517.jpeg 893w\" sizes=\"(max-width: 300px) 100vw, 300px\" \/><\/div>\n\t\t<\/a>\n\t\t\t\t<div class=\"elementor-post__text\">\n\t\t\t\t<h3 class=\"elementor-post__title\">\n\t\t\t<a href=\"https:\/\/redeindigena.ip.usp.br\/en\/iii-encontro-dialogos-sobre-a-educacao-indigena-garantia-de-direitos-e-a-construcao-de-praticas-antirracistas\/\" >\n\t\t\t\tIII Encontro di\u00e1logos sobre a educa\u00e7\u00e3o ind\u00edgena: Garantia de direitos e a constru\u00e7\u00e3o de pr\u00e1ticas antirracistas\t\t\t<\/a>\n\t\t<\/h3>\n\t\t\t\t<div class=\"elementor-post__meta-data\">\n\t\t\t\t\t<span class=\"elementor-post-date\">\n\t\t\t27\/09\/2023\t\t<\/span>\n\t\t\t\t<\/div>\n\t\t\t\t<div class=\"elementor-post__excerpt\">\n\t\t\t<p>A Rede de Aten\u00e7\u00e3o a Pessoa Ind\u00edgena convida a todas as pessoas interessadas na tem\u00e1tica<\/p>\n\t\t<\/div>\n\t\t\n\t\t<a class=\"elementor-post__read-more\" href=\"https:\/\/redeindigena.ip.usp.br\/en\/iii-encontro-dialogos-sobre-a-educacao-indigena-garantia-de-direitos-e-a-construcao-de-praticas-antirracistas\/\" aria-label=\"Read more about III Encontro di\u00e1logos sobre a educa\u00e7\u00e3o ind\u00edgena: Garantia de direitos e a constru\u00e7\u00e3o de pr\u00e1ticas antirracistas\" tabindex=\"-1\" >\n\t\t\tLer mais \u00bb\t\t<\/a>\n\n\t\t\t\t<\/div>\n\t\t\t\t<\/article>\n\t\t\t\t<article class=\"elementor-post elementor-grid-item post-1374 post type-post status-publish format-standard has-post-thumbnail hentry category-acoes category-bem-viver-e-saude category-justica-e-direitos\">\n\t\t\t\t<a class=\"elementor-post__thumbnail__link\" href=\"https:\/\/redeindigena.ip.usp.br\/en\/entrevista-com-augusto-pessin-sobre-a-realizacao-de-uma-audiencia-publica-relativa-a-vacinacao-indigena\/\" tabindex=\"-1\" >\n\t\t\t<div class=\"elementor-post__thumbnail\"><img loading=\"lazy\" decoding=\"async\" width=\"300\" height=\"127\" src=\"https:\/\/redeindigena.ip.usp.br\/wp-content\/uploads\/sites\/776\/2021\/02\/Justi\u00e7a-restaurativa-1-300x127.png\" class=\"attachment-medium size-medium wp-image-1195\" alt=\"\" srcset=\"https:\/\/redeindigena.ip.usp.br\/wp-content\/uploads\/sites\/776\/2021\/02\/Justi\u00e7a-restaurativa-1-300x127.png 300w, https:\/\/redeindigena.ip.usp.br\/wp-content\/uploads\/sites\/776\/2021\/02\/Justi\u00e7a-restaurativa-1.png 650w, https:\/\/redeindigena.ip.usp.br\/wp-content\/uploads\/sites\/776\/2021\/02\/Justi\u00e7a-restaurativa-1-400x170.png 400w\" sizes=\"(max-width: 300px) 100vw, 300px\" \/><\/div>\n\t\t<\/a>\n\t\t\t\t<div class=\"elementor-post__text\">\n\t\t\t\t<h3 class=\"elementor-post__title\">\n\t\t\t<a href=\"https:\/\/redeindigena.ip.usp.br\/en\/entrevista-com-augusto-pessin-sobre-a-realizacao-de-uma-audiencia-publica-relativa-a-vacinacao-indigena\/\" >\n\t\t\t\tInterview with Augusto Pessin about a public hearing on Indigenous vaccination\t\t\t<\/a>\n\t\t<\/h3>\n\t\t\t\t<div class=\"elementor-post__meta-data\">\n\t\t\t\t\t<span class=\"elementor-post-date\">\n\t\t\t15\/09\/2021\t\t<\/span>\n\t\t\t\t<\/div>\n\t\t\t\t<div class=\"elementor-post__excerpt\">\n\t\t\t<p>Date: 09\/02\/2021 Format: text message questions via WhatsApp; answers provided by WhatsApp audio and later<\/p>\n\t\t<\/div>\n\t\t\n\t\t<a class=\"elementor-post__read-more\" href=\"https:\/\/redeindigena.ip.usp.br\/en\/entrevista-com-augusto-pessin-sobre-a-realizacao-de-uma-audiencia-publica-relativa-a-vacinacao-indigena\/\" aria-label=\"Read more about Interview with Augusto Pessin about a public hearing on Indigenous vaccination\" tabindex=\"-1\" >\n\t\t\tLer mais \u00bb\t\t<\/a>\n\n\t\t\t\t<\/div>\n\t\t\t\t<\/article>\n\t\t\t\t<\/div>\n\t\t\t\t\t<span class=\"e-load-more-spinner\">\n\t\t\t\t<i aria-hidden=\"true\" class=\"fas fa-spinner\"><\/i>\t\t\t<\/span>\n\t\t\n\t\t\t\t<div class=\"e-load-more-anchor\" data-page=\"1\" data-max-page=\"3\" data-next-page=\"https:\/\/redeindigena.ip.usp.br\/en\/wp-json\/wp\/v2\/pages\/1792\/page\/2\/\"><\/div>\n\t\t\t\t<div class=\"elementor-button-wrapper\">\n\t\t\t<a href=\"#\" class=\"elementor-button-link elementor-button\" role=\"button\">\n\t\t\t\t\t\t<span class=\"elementor-button-content-wrapper\">\n\t\t\t\t\t\t\t\t\t<span class=\"elementor-button-text\">Ver mais postagens<\/span>\n\t\t\t\t\t<\/span>\n\t\t\t\t\t<\/a>\n\t\t<\/div>\n\t\t\t\t<div class=\"e-load-more-message\"><\/div>\n\t\t\t\t<\/div>\n\t\t\t\t<\/div>\n\t\t\t\t\t<\/div>\n\t\t<\/div>\n\t\t\t\t\t<\/div>\n\t\t<\/section>\n\t\t\t\t<section class=\"elementor-section elementor-top-section elementor-element elementor-element-90a3e76 elementor-section-boxed elementor-section-height-default elementor-section-height-default\" data-id=\"90a3e76\" data-element_type=\"section\">\n\t\t\t\t\t\t<div class=\"elementor-container elementor-column-gap-default\">\n\t\t\t\t\t<div class=\"elementor-column elementor-col-100 elementor-top-column elementor-element elementor-element-2639fc3\" data-id=\"2639fc3\" data-element_type=\"column\">\n\t\t\t<div class=\"elementor-widget-wrap elementor-element-populated\">\n\t\t\t\t\t\t<div class=\"elementor-element elementor-element-610ff1f elementor-widget elementor-widget-text-editor\" data-id=\"610ff1f\" data-element_type=\"widget\" data-widget_type=\"text-editor.default\">\n\t\t\t\t<div class=\"elementor-widget-container\">\n\t\t\t\t\t\t\t<p>Dentre as a\u00e7\u00f5es voltadas ao tema, focalizamos o movimento pelo vestibular ind\u00edgena como uma pauta importante na dire\u00e7\u00e3o de assegurar o direito constitucional dos povos ind\u00edgenas de manter suas l\u00ednguas, seus territ\u00f3rios e costumes ao acessar os servi\u00e7os do estado como qualquer outro cidad\u00e3o. No caso, os vestibulares regulares n\u00e3o s\u00e3o plaus\u00edveis para muitos ind\u00edgenas que n\u00e3o t\u00eam o portugu\u00eas como primeira l\u00edngua, bem como n\u00e3o s\u00e3o consideradas as diversas formas de constru\u00e7\u00e3o de conhecimento presentes na coletividade dos povos ind\u00edgenas nesses processos. Assim, a fim de nos inserir e trazer as nossas vozes ativas para os espa\u00e7os acad\u00eamicos, espa\u00e7o esse que foi constru\u00eddo em cima dos nossos corpos e conhecimentos tradicionais, \u00e9 preciso que as institui\u00e7\u00f5es criem processos diferenciados de acesso e perman\u00eancia que contemplem as especificidades dos povos ind\u00edgenas.<\/p>\t\t\t\t\t\t<\/div>\n\t\t\t\t<\/div>\n\t\t\t\t\t<\/div>\n\t\t<\/div>\n\t\t\t\t\t<\/div>\n\t\t<\/section>\n\t\t\t\t<\/div>\n\t\t","protected":false},"excerpt":{"rendered":"<p>Dentre as a\u00e7\u00f5es voltadas ao tema, focalizamos o movimento pelo vestibular ind\u00edgena como uma pauta [&hellip;]<\/p>\n","protected":false},"author":21984,"featured_media":0,"parent":827,"menu_order":0,"comment_status":"closed","ping_status":"closed","template":"","meta":{"_monsterinsights_skip_tracking":false,"_monsterinsights_sitenote_active":false,"_monsterinsights_sitenote_note":"","_monsterinsights_sitenote_category":0,"footnotes":"","_links_to":"","_links_to_target":""},"class_list":["post-1792","page","type-page","status-publish","hentry"],"_links":{"self":[{"href":"https:\/\/redeindigena.ip.usp.br\/en\/wp-json\/wp\/v2\/pages\/1792","targetHints":{"allow":["GET"]}}],"collection":[{"href":"https:\/\/redeindigena.ip.usp.br\/en\/wp-json\/wp\/v2\/pages"}],"about":[{"href":"https:\/\/redeindigena.ip.usp.br\/en\/wp-json\/wp\/v2\/types\/page"}],"author":[{"embeddable":true,"href":"https:\/\/redeindigena.ip.usp.br\/en\/wp-json\/wp\/v2\/users\/21984"}],"replies":[{"embeddable":true,"href":"https:\/\/redeindigena.ip.usp.br\/en\/wp-json\/wp\/v2\/comments?post=1792"}],"version-history":[{"count":4,"href":"https:\/\/redeindigena.ip.usp.br\/en\/wp-json\/wp\/v2\/pages\/1792\/revisions"}],"predecessor-version":[{"id":1799,"href":"https:\/\/redeindigena.ip.usp.br\/en\/wp-json\/wp\/v2\/pages\/1792\/revisions\/1799"}],"up":[{"embeddable":true,"href":"https:\/\/redeindigena.ip.usp.br\/en\/wp-json\/wp\/v2\/pages\/827"}],"wp:attachment":[{"href":"https:\/\/redeindigena.ip.usp.br\/en\/wp-json\/wp\/v2\/media?parent=1792"}],"curies":[{"name":"wp","href":"https:\/\/api.w.org\/{rel}","templated":true}]}}