{"id":114,"date":"2017-03-26T23:01:58","date_gmt":"2017-03-27T02:01:58","guid":{"rendered":"http:\/\/sites.usp.br\/redeindigena\/?page_id=114"},"modified":"2024-04-28T08:02:07","modified_gmt":"2024-04-28T11:02:07","slug":"equipe","status":"publish","type":"page","link":"https:\/\/redeindigena.ip.usp.br\/en\/quem-somos\/equipe\/","title":{"rendered":"Equipe"},"content":{"rendered":"<div id=\"pl-114\"  class=\"panel-layout\" ><div id=\"pg-114-0\"  class=\"panel-grid panel-no-style\" ><div id=\"pgc-114-0-0\"  class=\"panel-grid-cell\" ><div id=\"panel-114-0-0-0\" class=\"so-panel widget widget_text panel-first-child panel-last-child\" data-index=\"0\" >\t\t\t<div class=\"textwidget\"><p>A Rede Ind\u00edgena \u00e9 composta por docentes e estudantes da Universidade de S\u00e3o Paulo, pessoas ind\u00edgenas e volunt\u00e1rias. As informa\u00e7\u00f5es apresentadas aqui (fotos, autodescri\u00e7\u00e3o e informa\u00e7\u00f5es de contato) foram disponibilizadas por cada uma das pessoas que comp\u00f5e a Rede e manifestou interesse em se apresentar publicamente.<\/p>\n<\/div>\n\t\t<\/div><\/div><\/div><div id=\"pg-114-1\"  class=\"panel-grid panel-no-style\" ><div id=\"pgc-114-1-0\"  class=\"panel-grid-cell\" ><div id=\"panel-114-1-0-0\" class=\"so-panel widget panel-first-child panel-last-child\" data-index=\"1\" ><\/div><\/div><\/div><\/div>","protected":false},"excerpt":{"rendered":"<p>A Rede Ind\u00edgena \u00e9 composta por docentes e estudantes da Universidade de S\u00e3o Paulo, pessoas [&hellip;]<\/p>\n","protected":false},"author":309,"featured_media":0,"parent":841,"menu_order":0,"comment_status":"closed","ping_status":"closed","template":"","meta":{"_monsterinsights_skip_tracking":false,"_monsterinsights_sitenote_active":false,"_monsterinsights_sitenote_note":"","_monsterinsights_sitenote_category":0,"footnotes":"","_links_to":"","_links_to_target":""},"class_list":["post-114","page","type-page","status-publish","hentry"],"_links":{"self":[{"href":"https:\/\/redeindigena.ip.usp.br\/en\/wp-json\/wp\/v2\/pages\/114","targetHints":{"allow":["GET"]}}],"collection":[{"href":"https:\/\/redeindigena.ip.usp.br\/en\/wp-json\/wp\/v2\/pages"}],"about":[{"href":"https:\/\/redeindigena.ip.usp.br\/en\/wp-json\/wp\/v2\/types\/page"}],"author":[{"embeddable":true,"href":"https:\/\/redeindigena.ip.usp.br\/en\/wp-json\/wp\/v2\/users\/309"}],"replies":[{"embeddable":true,"href":"https:\/\/redeindigena.ip.usp.br\/en\/wp-json\/wp\/v2\/comments?post=114"}],"version-history":[{"count":4,"href":"https:\/\/redeindigena.ip.usp.br\/en\/wp-json\/wp\/v2\/pages\/114\/revisions"}],"predecessor-version":[{"id":2095,"href":"https:\/\/redeindigena.ip.usp.br\/en\/wp-json\/wp\/v2\/pages\/114\/revisions\/2095"}],"up":[{"embeddable":true,"href":"https:\/\/redeindigena.ip.usp.br\/en\/wp-json\/wp\/v2\/pages\/841"}],"wp:attachment":[{"href":"https:\/\/redeindigena.ip.usp.br\/en\/wp-json\/wp\/v2\/media?parent=114"}],"curies":[{"name":"wp","href":"https:\/\/api.w.org\/{rel}","templated":true}]}}